{"id":3139,"date":"2024-05-29T15:58:05","date_gmt":"2024-05-29T15:58:05","guid":{"rendered":"https:\/\/epumucaq.com\/?page_id=3139"},"modified":"2025-05-21T04:42:07","modified_gmt":"2025-05-21T04:42:07","slug":"institucion-2","status":"publish","type":"page","link":"https:\/\/epumucaq.com\/index.php\/institucion-2\/","title":{"rendered":"La Instituci\u00f3n"},"content":{"rendered":"\t\t<div data-elementor-type=\"wp-page\" data-elementor-id=\"3139\" class=\"elementor elementor-3139\" data-elementor-post-type=\"page\">\n\t\t\t\t<div class=\"elementor-element elementor-element-50cd494 e-flex e-con-boxed e-con e-parent\" data-id=\"50cd494\" data-element_type=\"container\" data-settings=\"{&quot;background_background&quot;:&quot;classic&quot;,&quot;shape_divider_bottom&quot;:&quot;triangle-asymmetrical&quot;,&quot;shape_divider_bottom_negative&quot;:&quot;yes&quot;}\">\n\t\t\t\t\t<div class=\"e-con-inner\">\n\t\t\t\t<div class=\"elementor-shape elementor-shape-bottom\" data-negative=\"true\">\n\t\t\t<svg xmlns=\"http:\/\/www.w3.org\/2000\/svg\" viewBox=\"0 0 1000 100\" preserveAspectRatio=\"none\">\n\t<path class=\"elementor-shape-fill\" d=\"M737.9,94.7L0,0v100h1000V0L737.9,94.7z\"\/>\n<\/svg>\t\t<\/div>\n\t\t\t\t<div class=\"elementor-element elementor-element-af8033f elementor-widget elementor-widget-heading\" data-id=\"af8033f\" data-element_type=\"widget\" data-widget_type=\"heading.default\">\n\t\t\t\t<div class=\"elementor-widget-container\">\n\t\t\t<h2 class=\"elementor-heading-title elementor-size-default\">ADMINISTRACI\u00d3N 2023-2027<\/h2>\t\t<\/div>\n\t\t\t\t<\/div>\n\t\t\t\t<div class=\"elementor-element elementor-element-9a7e98e elementor-widget elementor-widget-heading\" data-id=\"9a7e98e\" data-element_type=\"widget\" data-widget_type=\"heading.default\">\n\t\t\t\t<div class=\"elementor-widget-container\">\n\t\t\t<h2 class=\"elementor-heading-title elementor-size-default\"><h1 style=\"margin-bottom: 0px; padding-bottom: 10px; font-size: 68px; text-size-adjust: 100%; background-image: initial; background-position: initial; background-size: initial; background-repeat: initial; background-attachment: initial; background-origin: initial; background-clip: initial; line-height: 1.1em; font-weight: 500; font-family: &quot;Cormorant Garamond&quot;, Georgia, &quot;Times New Roman&quot;, serif; font-style: normal; white-space-collapse: collapse; color: rgb(255, 255, 255) !important;\"><span style=\"margin: 0px; padding: 0px; border: 0px; outline: 0px; text-size-adjust: 100%; vertical-align: baseline; background: transparent; font-family: Chivo;\">La Instituci\u00f3n<\/span><\/h1><\/h2>\t\t<\/div>\n\t\t\t\t<\/div>\n\t\t\t\t\t<\/div>\n\t\t\t\t<\/div>\n\t\t<div class=\"elementor-element elementor-element-755a832 e-flex e-con-boxed e-con e-parent\" data-id=\"755a832\" data-element_type=\"container\" data-settings=\"{&quot;background_background&quot;:&quot;classic&quot;}\">\n\t\t\t\t\t<div class=\"e-con-inner\">\n\t\t<div class=\"elementor-element elementor-element-9fe622d e-con-full e-flex e-con e-child\" data-id=\"9fe622d\" data-element_type=\"container\" data-settings=\"{&quot;background_background&quot;:&quot;classic&quot;}\">\n\t\t\t\t<div class=\"elementor-element elementor-element-c9a6c84 elementor-widget elementor-widget-heading\" data-id=\"c9a6c84\" data-element_type=\"widget\" data-widget_type=\"heading.default\">\n\t\t\t\t<div class=\"elementor-widget-container\">\n\t\t\t<h2 class=\"elementor-heading-title elementor-size-default\">Introducci\u00f3n<\/h2>\t\t<\/div>\n\t\t\t\t<\/div>\n\t\t<div class=\"elementor-element elementor-element-df73371 e-flex e-con-boxed e-con e-child\" data-id=\"df73371\" data-element_type=\"container\">\n\t\t\t\t\t<div class=\"e-con-inner\">\n\t\t\t\t<div class=\"elementor-element elementor-element-64fb3ae elementor-widget elementor-widget-text-editor\" data-id=\"64fb3ae\" data-element_type=\"widget\" data-widget_type=\"text-editor.default\">\n\t\t\t\t<div class=\"elementor-widget-container\">\n\t\t\t\t\t\t\t<p>La Empresa P\u00fablica de Camal de Quevedo \u201cEPUMUCA-Q\u201d, ejerce sus actividades de servicios de faenamiento para el cant\u00f3n Quevedo y sus alrededores desde el a\u00f1o 2002, creada mediante ordenanza municipal, el cual comprende de un Directorio conformado por el Alcalde, Concejales, y el Director de Ambiente del GAD Municipal, Administrada por el Gerente, la Empresa P\u00fablica, cuenta con autonom\u00eda administrativa, legal y financiera.<\/p>\t\t\t\t\t\t<\/div>\n\t\t\t\t<\/div>\n\t\t\t\t\t<\/div>\n\t\t\t\t<\/div>\n\t\t\t\t<\/div>\n\t\t\t\t\t<\/div>\n\t\t\t\t<\/div>\n\t\t<div class=\"elementor-element elementor-element-04945b5 e-flex e-con-boxed e-con e-parent\" data-id=\"04945b5\" data-element_type=\"container\" data-settings=\"{&quot;background_background&quot;:&quot;classic&quot;}\">\n\t\t\t\t\t<div class=\"e-con-inner\">\n\t\t<div class=\"elementor-element elementor-element-f7b0d11 e-con-full e-flex e-con e-child\" data-id=\"f7b0d11\" data-element_type=\"container\" data-settings=\"{&quot;background_background&quot;:&quot;classic&quot;}\">\n\t\t\t\t<div class=\"elementor-element elementor-element-9a7cacd elementor-widget elementor-widget-heading\" data-id=\"9a7cacd\" data-element_type=\"widget\" data-widget_type=\"heading.default\">\n\t\t\t\t<div class=\"elementor-widget-container\">\n\t\t\t<h2 class=\"elementor-heading-title elementor-size-default\">Antecedente<\/h2>\t\t<\/div>\n\t\t\t\t<\/div>\n\t\t<div class=\"elementor-element elementor-element-6a92180 e-flex e-con-boxed e-con e-child\" data-id=\"6a92180\" data-element_type=\"container\">\n\t\t\t\t\t<div class=\"e-con-inner\">\n\t\t\t\t<div class=\"elementor-element elementor-element-0a862ff elementor-widget elementor-widget-text-editor\" data-id=\"0a862ff\" data-element_type=\"widget\" data-widget_type=\"text-editor.default\">\n\t\t\t\t<div class=\"elementor-widget-container\">\n\t\t\t\t\t\t\t<p>Mediante el Consejo del Gobierno Municipal de Quevedo, con fecha 06 de diciembre del 2002, se expide la ordenanza de constituci\u00f3n de la Empresa Municipal del camal de la Ciudad de Quevedo.<\/p><p>\u00a0<\/p><p>Mediante Sesi\u00f3n del GAD Municipal de Quevedo, con fecha de publicaci\u00f3n 24 de febrero del 2012, se aprob\u00f3 la Ordenanza Sustitutiva que Reglamenta la Instalaci\u00f3n y Funcionamiento de los mataderos o camales Frigor\u00edficos, la Inspecci\u00f3n Sanitaria de los Animales de Abasto y Carnes de Consumo Humano y la Industrializaci\u00f3n, Transporte y Comercio de las mismas en el Cant\u00f3n Quevedo.<\/p><p>\u00a0<\/p><p>Mediante Consejo del GAD Municipal de Quevedo, con fecha de publicaci\u00f3n 18 de agosto del 2015, se expide la reforma a la Ordenanza de la Constituci\u00f3n de la Empresa P\u00fablica Municipal de Camal del Cant\u00f3n Quevedo.<\/p><p>\u00a0<\/p><p>Mediante resoluci\u00f3n con fecha 26 de octubre del 2021, se expide la reforma del estatuto org\u00e1nico de gesti\u00f3n organizacional por procesos de la Empresa P\u00fablica Municipal de Camal del Cant\u00f3n Quevedo.<\/p>\t\t\t\t\t\t<\/div>\n\t\t\t\t<\/div>\n\t\t\t\t\t<\/div>\n\t\t\t\t<\/div>\n\t\t\t\t<\/div>\n\t\t\t\t\t<\/div>\n\t\t\t\t<\/div>\n\t\t\t\t<\/div>\n\t\t","protected":false},"excerpt":{"rendered":"<p>ADMINISTRACI\u00d3N 2023-2027 La Instituci\u00f3n Introducci\u00f3n La Empresa P\u00fablica de Camal de Quevedo \u201cEPUMUCA-Q\u201d, ejerce sus actividades de servicios de faenamiento [&hellip;]<\/p>\n","protected":false},"author":3,"featured_media":0,"parent":0,"menu_order":0,"comment_status":"closed","ping_status":"closed","template":"","meta":{"site-sidebar-layout":"no-sidebar","site-content-layout":"","ast-site-content-layout":"full-width-container","site-content-style":"default","site-sidebar-style":"default","ast-global-header-display":"","ast-banner-title-visibility":"","ast-main-header-display":"","ast-hfb-above-header-display":"","ast-hfb-below-header-display":"","ast-hfb-mobile-header-display":"","site-post-title":"disabled","ast-breadcrumbs-content":"","ast-featured-img":"disabled","footer-sml-layout":"","theme-transparent-header-meta":"","adv-header-id-meta":"","stick-header-meta":"","header-above-stick-meta":"","header-main-stick-meta":"","header-below-stick-meta":"","astra-migrate-meta-layouts":"default","ast-page-background-enabled":"default","ast-page-background-meta":{"desktop":{"background-color":"var(--ast-global-color-4)","background-image":"","background-repeat":"repeat","background-position":"center center","background-size":"auto","background-attachment":"scroll","background-type":"","background-media":"","overlay-type":"","overlay-color":"","overlay-gradient":""},"tablet":{"background-color":"","background-image":"","background-repeat":"repeat","background-position":"center center","background-size":"auto","background-attachment":"scroll","background-type":"","background-media":"","overlay-type":"","overlay-color":"","overlay-gradient":""},"mobile":{"background-color":"","background-image":"","background-repeat":"repeat","background-position":"center center","background-size":"auto","background-attachment":"scroll","background-type":"","background-media":"","overlay-type":"","overlay-color":"","overlay-gradient":""}},"ast-content-background-meta":{"desktop":{"background-color":"var(--ast-global-color-5)","background-image":"","background-repeat":"repeat","background-position":"center center","background-size":"auto","background-attachment":"scroll","background-type":"","background-media":"","overlay-type":"","overlay-color":"","overlay-gradient":""},"tablet":{"background-color":"var(--ast-global-color-5)","background-image":"","background-repeat":"repeat","background-position":"center center","background-size":"auto","background-attachment":"scroll","background-type":"","background-media":"","overlay-type":"","overlay-color":"","overlay-gradient":""},"mobile":{"background-color":"var(--ast-global-color-5)","background-image":"","background-repeat":"repeat","background-position":"center center","background-size":"auto","background-attachment":"scroll","background-type":"","background-media":"","overlay-type":"","overlay-color":"","overlay-gradient":""}},"footnotes":""},"wf_page_folders":[],"class_list":["post-3139","page","type-page","status-publish","hentry"],"rttpg_featured_image_url":null,"rttpg_author":{"display_name":"epumucaq","author_link":"https:\/\/epumucaq.com\/index.php\/author\/epumucaq\/"},"rttpg_comment":0,"rttpg_category":false,"rttpg_excerpt":"ADMINISTRACI\u00d3N 2023-2027 La Instituci\u00f3n Introducci\u00f3n La Empresa P\u00fablica de Camal de Quevedo \u201cEPUMUCA-Q\u201d, ejerce sus actividades de servicios de faenamiento [&hellip;]","_links":{"self":[{"href":"https:\/\/epumucaq.com\/index.php\/wp-json\/wp\/v2\/pages\/3139","targetHints":{"allow":["GET"]}}],"collection":[{"href":"https:\/\/epumucaq.com\/index.php\/wp-json\/wp\/v2\/pages"}],"about":[{"href":"https:\/\/epumucaq.com\/index.php\/wp-json\/wp\/v2\/types\/page"}],"author":[{"embeddable":true,"href":"https:\/\/epumucaq.com\/index.php\/wp-json\/wp\/v2\/users\/3"}],"replies":[{"embeddable":true,"href":"https:\/\/epumucaq.com\/index.php\/wp-json\/wp\/v2\/comments?post=3139"}],"version-history":[{"count":20,"href":"https:\/\/epumucaq.com\/index.php\/wp-json\/wp\/v2\/pages\/3139\/revisions"}],"predecessor-version":[{"id":4086,"href":"https:\/\/epumucaq.com\/index.php\/wp-json\/wp\/v2\/pages\/3139\/revisions\/4086"}],"wp:attachment":[{"href":"https:\/\/epumucaq.com\/index.php\/wp-json\/wp\/v2\/media?parent=3139"}],"wp:term":[{"taxonomy":"wf_page_folders","embeddable":true,"href":"https:\/\/epumucaq.com\/index.php\/wp-json\/wp\/v2\/wf_page_folders?post=3139"}],"curies":[{"name":"wp","href":"https:\/\/api.w.org\/{rel}","templated":true}]}}